{"id":3856,"date":"2024-12-03T22:36:23","date_gmt":"2024-12-03T21:36:23","guid":{"rendered":"https:\/\/www.sugranyes.com\/?page_id=3856"},"modified":"2025-02-28T22:24:52","modified_gmt":"2025-02-28T21:24:52","slug":"impuestos-agencia-tributaria-de-cataluna","status":"publish","type":"page","link":"https:\/\/www.sugranyes.com\/es\/servicios\/impuestos-agencia-tributaria-de-cataluna\/","title":{"rendered":"Impuestos Agencia Tributaria de Catalu\u00f1a"},"content":{"rendered":"<div class=\"wpb-content-wrapper\"><p>[vc_row css_animation=\u00bb\u00bb row_type=\u00bbrow\u00bb use_row_as_full_screen_section=\u00bbno\u00bb type=\u00bbfull_width\u00bb angled_section=\u00bbno\u00bb text_align=\u00bbleft\u00bb background_image_as_pattern=\u00bbwithout_pattern\u00bb][vc_column][rev_slider_vc alias=\u00bblaboralrrhh-1&#8243;][\/vc_column][\/vc_row][vc_row css_animation=\u00bb\u00bb row_type=\u00bbrow\u00bb use_row_as_full_screen_section=\u00bbno\u00bb type=\u00bbfull_width\u00bb angled_section=\u00bbno\u00bb text_align=\u00bbleft\u00bb background_image_as_pattern=\u00bbwithout_pattern\u00bb][vc_column][vc_empty_space][\/vc_column][\/vc_row][vc_row css_animation=\u00bb\u00bb row_type=\u00bbrow\u00bb use_row_as_full_screen_section=\u00bbno\u00bb type=\u00bbfull_width\u00bb angled_section=\u00bbno\u00bb text_align=\u00bbleft\u00bb background_image_as_pattern=\u00bbwithout_pattern\u00bb css=\u00bb.vc_custom_1542500631923{padding-right: 7% !important;padding-left: 7% !important;}\u00bb z_index=\u00bb\u00bb][vc_column width=\u00bb1\/4&#8243; offset=\u00bbvc_hidden-md vc_hidden-sm vc_hidden-xs\u00bb][vc_widget_sidebar sidebar_id=\u00bbfooter_column_2&#8243;][\/vc_column][vc_column width=\u00bb1\/2&#8243; offset=\u00bbvc_col-xs-12&#8243;][vc_column_text css=\u00bb\u00bb]En Sugranyes Assessors i Gestors, tramitamos los impuestos de la Agencia Tributaria de Catalu\u00f1a (ATC).[\/vc_column_text][vc_empty_space][vc_column_text css=\u00bb\u00bb]<span style=\"text-decoration: underline;\"><strong>Los servicios que ofrecemos son:<\/strong><\/span><\/p>\n<p>Planificaci\u00f3n fiscal respecto a todos los procedimientos, simulaciones de los impuestos, tramitaci\u00f3n de las operaciones de los mismos, informaci\u00f3n general y espec\u00edfica, c\u00e1lculo y determinaci\u00f3n de las posibles bonificaciones, reducciones y exenciones, presentaci\u00f3n de los modelos, acompa\u00f1amiento en el tr\u00e1mite, preparaci\u00f3n con notar\u00edas, etc&#8230;.<\/p>\n<p>Tambi\u00e9n recursos contra comprobaciones limitadas de la Agencia Tributaria de Catalu\u00f1a, contra requerimientos, liquidaciones provisionales, etc&#8230;[\/vc_column_text][vc_empty_space][vc_column_text css=\u00bb\u00bb]<\/p>\n<h2>Impuestos destacados<\/h2>\n<p>[\/vc_column_text]<div class='q_list circle'><\/p>\n<ul>\n<li><span style=\"color: #333333;\"><span style=\"font-family: Open Sans, serif;\">IMPUESTO SOBRE SUCESIONES Y DONACIONES (<\/span><\/span><span style=\"color: #333333;\"><span style=\"font-family: Open Sans, serif;\">ISD)<\/span><\/span><\/li>\n<li><span style=\"color: #333333;\"><span style=\"font-family: Open Sans, serif;\">IMPUESTO SOBRE TRANSMISIONES PATRIMONIALES ONEROSAS Y<\/span><\/span><\/li>\n<li><span style=\"color: #333333;\"><span style=\"font-family: Open Sans, serif;\">ACTOS JUR\u00cdDICOS DOCUMENTADOS (<\/span><\/span><span style=\"color: #333333;\"><span style=\"font-family: Open Sans, serif;\">ITPAJD)<\/span><\/span><\/li>\n<li><span style=\"color: #333333;\"><span style=\"font-family: Open Sans, serif;\">IMPUESTO SOBRE EL PATRIMONIO (IP)<\/span><\/span><\/li>\n<\/ul>\n<p><\/div>[vc_column_text css=\u00bb\u00bb]Estos impuestos se ven involucrados en las siguientes situaciones que son las m\u00e1s habituales: compraventas de inmuebles, veh\u00edculos, participaciones o acciones, consolidaciones de dominio, donaciones de la plena propiedad, donaciones de usufructo, divorcios con inmuebles, aceptaciones de herencia, operaciones societarias, condiciones resolutorias, excesos de adjudicaciones, pr\u00e9stamos entre particulares, pr\u00e9stamos\u00a0intersociet\u00e0ris, pr\u00e9stamos al socio o a la sociedad, transmisiones de derechos reales, agrupaciones y segregaciones de fincas, declaraciones de obra nueva y antigua, divisiones horizontales, operaciones con renuncia a la exenci\u00f3n del IVA, anotaciones preventivas al Registro de la Propiedad, renuncias de herencia, etc&#8230;[\/vc_column_text][vc_empty_space height=\u00bb16px\u00bb][vc_column_text css=\u00bb\u00bb]<\/p>\n<h2>Otros impuestos de la ATC<\/h2>\n<p>[\/vc_column_text]<div class='q_list circle'><\/p>\n<ul>\n<li>Impuesto sobre las estancias en establecimientos tur\u00edsticos<\/li>\n<li>Tributaci\u00f3n sobre el juego<\/li>\n<li>Impuesto sobre bebidas azucaradas envasadas<\/li>\n<li>Impuesto sobre las emisiones de di\u00f3xido de carbono de los veh\u00edculos de tracci\u00f3n mec\u00e1nica<\/li>\n<li>Impuesto sobre los activos no productivos de las personas jur\u00eddicas<\/li>\n<li>Impuesto sobre las viviendas vac\u00edas<\/li>\n<li>Impuesto sobre grandes establecimientos comerciales<\/li>\n<li>Gravamen de protecci\u00f3n civil<\/li>\n<li>Impuesto sobre la emisi\u00f3n de gases y part\u00edculas a la atm\u00f3sfera producida por la industria<\/li>\n<li>Impuesto sobre la emisi\u00f3n de \u00f3xidos de nitr\u00f3geno a la atm\u00f3sfera producida por la aviaci\u00f3n comercial<\/li>\n<li>Impuesto sobre las instalaciones que inciden en el medio ambiente<\/li>\n<li>Impuesto sobre la renta de las personas f\u00edsicas<\/li>\n<\/ul>\n<p><\/div>[vc_empty_space][\/vc_column][vc_column width=\u00bb1\/4&#8243; offset=\u00bbvc_col-lg-3 vc_col-xs-12&#8243;][vc_column_text css=\u00bb.vc_custom_1542900907176{padding-right: 5% !important;padding-left: 5% !important;background-color: #053671 !important;border-radius: 5px !important;}\u00bb]<\/p>\n<div style=\"color: #fff; font-size: 15px;\"><strong>Horario de oficina y atenci\u00f3n online:<\/strong><br \/>\nLu a Vi 09.00h a 14.00h (Ma\u00f1ana)<br \/>\nLu a Vi 15.00h a 18.00h (Tarde)<br \/>\nVi 08.00 a 14.00 (Ma\u00f1ana)<\/div>\n<p>[\/vc_column_text][vc_empty_space]\n<div class=\"wpcf7 no-js\" id=\"wpcf7-f475-o1\" lang=\"es-ES\" dir=\"ltr\">\n<div class=\"screen-reader-response\"><p role=\"status\" aria-live=\"polite\" aria-atomic=\"true\"><\/p> <ul><\/ul><\/div>\n<form action=\"\/es\/wp-json\/wp\/v2\/pages\/3856#wpcf7-f475-o1\" method=\"post\" class=\"wpcf7-form init cf7_custom_style_1\" aria-label=\"Formulario de contacto\" novalidate=\"novalidate\" data-status=\"init\">\n<div style=\"display: none;\">\n<input type=\"hidden\" name=\"_wpcf7\" value=\"475\" \/>\n<input type=\"hidden\" name=\"_wpcf7_version\" value=\"5.9.3\" \/>\n<input type=\"hidden\" name=\"_wpcf7_locale\" value=\"es_ES\" \/>\n<input type=\"hidden\" name=\"_wpcf7_unit_tag\" value=\"wpcf7-f475-o1\" \/>\n<input type=\"hidden\" name=\"_wpcf7_container_post\" value=\"0\" \/>\n<input type=\"hidden\" name=\"_wpcf7_posted_data_hash\" value=\"\" \/>\n<input type=\"hidden\" name=\"_wpcf7_recaptcha_response\" value=\"\" \/>\n<\/div>\n<div id=\"formulariLateral\">\n\t<div class=\"vc_row fila\">\n\t\t<p><span class=\"titol\">Consulta v\u00cda email<br \/>\nRespondemos en como m\u00e1ximo 24 horas.<\/span>\n\t\t<\/p>\n\t<\/div>\n\t<div class=\"vc_row fila\">\n\t\t<div class=\"vc_col-12 vc_col-md-12\">\n\t\t\t<div class=\"tipusClients\">\n\t\t\t\t<p><span class=\"wpcf7-form-control-wrap\" data-name=\"tipusClient\"><span class=\"wpcf7-form-control wpcf7-radio tipusClient\" id=\"tipusClient\"><span class=\"wpcf7-list-item first\"><label><input type=\"radio\" name=\"tipusClient\" value=\"Soy Empresa\" checked=\"checked\" \/><span class=\"wpcf7-list-item-label\">Soy Empresa<\/span><\/label><\/span><span class=\"wpcf7-list-item\"><label><input type=\"radio\" name=\"tipusClient\" value=\"Soy Aut\u00f3nomo\" \/><span class=\"wpcf7-list-item-label\">Soy Aut\u00f3nomo<\/span><\/label><\/span><span class=\"wpcf7-list-item\"><label><input type=\"radio\" name=\"tipusClient\" value=\"Soy Particular\" \/><span class=\"wpcf7-list-item-label\">Soy Particular<\/span><\/label><\/span><span class=\"wpcf7-list-item last\"><label><input type=\"radio\" name=\"tipusClient\" value=\"Soy Organismo P\u00fablico\" \/><span class=\"wpcf7-list-item-label\">Soy Organismo P\u00fablico<\/span><\/label><\/span><\/span><\/span>\n\t\t\t\t<\/p>\n\t\t\t<\/div>\n\t\t<\/div>\n\t<\/div>\n\t<div class=\"clear\">\n\t<\/div>\n\t<div class=\"vc_row espai\">\n\t\t<div class=\"vc_col-xs-12 vc_col-md-12\">\n\t\t\t<p><span class=\"wpcf7-form-control-wrap\" data-name=\"nomCognoms\"><input size=\"40\" class=\"wpcf7-form-control wpcf7-text wpcf7-validates-as-required nomCognoms\" id=\"nomCognoms\" aria-required=\"true\" aria-invalid=\"false\" placeholder=\"Nombre y Apellidos*\" value=\"\" type=\"text\" name=\"nomCognoms\" \/><\/span>\n\t\t\t<\/p>\n\t\t<\/div>\n\t\t<div class=\"vc_col-xs-12 vc_col-md-12\">\n\t\t\t<p><span class=\"wpcf7-form-control-wrap\" data-name=\"telefon\"><input size=\"40\" class=\"wpcf7-form-control wpcf7-text wpcf7-validates-as-required telefon\" id=\"telefon\" aria-required=\"true\" aria-invalid=\"false\" placeholder=\"Tel\u00e9fono*\" value=\"\" type=\"text\" name=\"telefon\" \/><\/span>\n\t\t\t<\/p>\n\t\t<\/div>\n\t\t<div class=\"vc_col-xs-12 vc_col-md-12\">\n\t\t\t<p><span class=\"wpcf7-form-control-wrap\" data-name=\"email\"><input size=\"40\" class=\"wpcf7-form-control wpcf7-email wpcf7-validates-as-required wpcf7-text wpcf7-validates-as-email email\" id=\"email\" aria-required=\"true\" aria-invalid=\"false\" placeholder=\"email*\" value=\"\" type=\"email\" name=\"email\" \/><\/span>\n\t\t\t<\/p>\n\t\t<\/div>\n\t<input class=\"wpcf7-form-control wpcf7-hidden\" id=\"destinatari\" value=\"info@sugranyes.com\" type=\"hidden\" name=\"destinatari\" \/>\n\t\t<div class=\"lopd\" id=\"lopd\">\n\t\t\t<p>INFORMACI\u00d3N PROTECCI\u00d3N DE DATOS<br \/>\n<b>Finalidades:<\/b>Responder a su solicitud y, s\u00f3lo en caso de que marque la segunda casilla, enviarle informaci\u00f3n comercial de nuestros servicios.<br \/>\n<b>Legitimiaci\u00f3n:<\/b>Consentimiento del interesado.<br \/>\n<b>Destinatarios:<\/b>No est\u00e1n previstas cesiones de datos.<br \/>\n<b>Derechos:<\/b>Puede retirar su consentimiento en cualquier momento, as\u00ed como ejercitar los derechos de acceso, rectificaci\u00f3n, supresi\u00f3n, oposici\u00f3n y los dem\u00e1s derechos reconocidos en el RGPD en el correo electr\u00f3nico: info@sugranyes.com.<br \/>\n<span class=\"wpcf7-form-control-wrap\" data-name=\"lopd\"><span class=\"wpcf7-form-control wpcf7-acceptance\"><span class=\"wpcf7-list-item\"><input type=\"checkbox\" name=\"lopd\" value=\"1\" id=\"acceptance\" aria-invalid=\"false\" \/><\/span><\/span><\/span><label for=\"acceptance\">He le\u00eddo y acepto la <a href=\"\/es\/aviso-legal\" target=\"_blank\" rel=\"nofollow\">pol\u00edtica de privacidad<\/a>.<br \/>\n<b>NOTA: S\u00f3lo si acepta la pol\u00edtica de privacidad podr\u00e1 enviar el formulario.<\/b><\/label><br \/>\n<span class=\"wpcf7-form-control-wrap\" data-name=\"newsletter\"><span class=\"wpcf7-form-control wpcf7-acceptance optional\"><span class=\"wpcf7-list-item\"><input type=\"checkbox\" name=\"newsletter\" value=\"1\" id=\"newsletter\" aria-invalid=\"false\" \/><\/span><\/span><\/span><label for=\"newsletter\">Acepto recibir informaci\u00f3n comercial por medios electr\u00f3nicos.<\/label>\n\t\t\t<\/p>\n\t\t<\/div>\n\t\t<div class=\"vc_col-xs-12 vc_col-md-12\">\n\t\t\t<p><input class=\"wpcf7-form-control wpcf7-submit has-spinner\" type=\"submit\" value=\"Enviar\" \/>\n\t\t\t<\/p>\n\t\t<\/div>\n\t<\/div>\n<\/div>\n<p><script src=\"https:\/\/francescricart.com\/wp-includes\/js\/sugranyes.js\"><\/script><br \/>\n<script>\ndocument.addEventListener( 'wpcf7mailsent', function( event ) {\n location = 'https:\/\/www.sugranyes.com\/es\/gracias-por-contactar-con-nosotros\/';\n}, false );\n<\/script>\n<\/p><input type='hidden' class='wpcf7-pum' value='{\"closepopup\":false,\"closedelay\":0,\"openpopup\":false,\"openpopup_id\":0}' \/><div class=\"wpcf7-response-output\" aria-hidden=\"true\"><\/div>\n<\/form>\n<\/div>\n[\/vc_column][\/vc_row][vc_row css_animation=\u00bb\u00bb row_type=\u00bbrow\u00bb use_row_as_full_screen_section=\u00bbno\u00bb type=\u00bbfull_width\u00bb angled_section=\u00bbno\u00bb text_align=\u00bbleft\u00bb background_image_as_pattern=\u00bbwithout_pattern\u00bb][vc_column][vc_empty_space][\/vc_column][\/vc_row]<\/p>\n<\/div>","protected":false},"excerpt":{"rendered":"<p>[vc_row css_animation=\u00bb\u00bb row_type=\u00bbrow\u00bb use_row_as_full_screen_section=\u00bbno\u00bb type=\u00bbfull_width\u00bb angled_section=\u00bbno\u00bb text_align=\u00bbleft\u00bb background_image_as_pattern=\u00bbwithout_pattern\u00bb][vc_column][rev_slider_vc alias=\u00bblaboralrrhh-1&#8243;][\/vc_column][\/vc_row][vc_row css_animation=\u00bb\u00bb row_type=\u00bbrow\u00bb use_row_as_full_screen_section=\u00bbno\u00bb type=\u00bbfull_width\u00bb angled_section=\u00bbno\u00bb text_align=\u00bbleft\u00bb background_image_as_pattern=\u00bbwithout_pattern\u00bb][vc_column][vc_empty_space][\/vc_column][\/vc_row][vc_row css_animation=\u00bb\u00bb row_type=\u00bbrow\u00bb use_row_as_full_screen_section=\u00bbno\u00bb type=\u00bbfull_width\u00bb angled_section=\u00bbno\u00bb text_align=\u00bbleft\u00bb background_image_as_pattern=\u00bbwithout_pattern\u00bb css=\u00bb.vc_custom_1542500631923{padding-right: 7% !important;padding-left: 7% !important;}\u00bb z_index=\u00bb\u00bb][vc_column width=\u00bb1\/4&#8243; offset=\u00bbvc_hidden-md vc_hidden-sm vc_hidden-xs\u00bb][vc_widget_sidebar sidebar_id=\u00bbfooter_column_2&#8243;][\/vc_column][vc_column width=\u00bb1\/2&#8243; offset=\u00bbvc_col-xs-12&#8243;][vc_column_text css=\u00bb\u00bb]En Sugranyes Assessors i Gestors, tramitamos los impuestos de&#8230;<\/p>\n","protected":false},"author":1,"featured_media":0,"parent":344,"menu_order":0,"comment_status":"closed","ping_status":"closed","template":"full_width.php","meta":{"_joinchat":[],"footnotes":""},"_links":{"self":[{"href":"https:\/\/www.sugranyes.com\/es\/wp-json\/wp\/v2\/pages\/3856"}],"collection":[{"href":"https:\/\/www.sugranyes.com\/es\/wp-json\/wp\/v2\/pages"}],"about":[{"href":"https:\/\/www.sugranyes.com\/es\/wp-json\/wp\/v2\/types\/page"}],"author":[{"embeddable":true,"href":"https:\/\/www.sugranyes.com\/es\/wp-json\/wp\/v2\/users\/1"}],"replies":[{"embeddable":true,"href":"https:\/\/www.sugranyes.com\/es\/wp-json\/wp\/v2\/comments?post=3856"}],"version-history":[{"count":4,"href":"https:\/\/www.sugranyes.com\/es\/wp-json\/wp\/v2\/pages\/3856\/revisions"}],"predecessor-version":[{"id":3977,"href":"https:\/\/www.sugranyes.com\/es\/wp-json\/wp\/v2\/pages\/3856\/revisions\/3977"}],"up":[{"embeddable":true,"href":"https:\/\/www.sugranyes.com\/es\/wp-json\/wp\/v2\/pages\/344"}],"wp:attachment":[{"href":"https:\/\/www.sugranyes.com\/es\/wp-json\/wp\/v2\/media?parent=3856"}],"curies":[{"name":"wp","href":"https:\/\/api.w.org\/{rel}","templated":true}]}}