{"id":336,"date":"2018-11-19T23:59:24","date_gmt":"2018-11-19T23:59:24","guid":{"rendered":"http:\/\/www.sugranyes.com\/avis-legal\/"},"modified":"2018-11-23T09:25:13","modified_gmt":"2018-11-23T08:25:13","slug":"aviso-legal","status":"publish","type":"page","link":"https:\/\/www.sugranyes.com\/es\/aviso-legal\/","title":{"rendered":"Aviso legal"},"content":{"rendered":"<div class=\"wpb-content-wrapper\"><p>[vc_row css_animation=\u00bb\u00bb row_type=\u00bbrow\u00bb use_row_as_full_screen_section=\u00bbno\u00bb type=\u00bbfull_width\u00bb angled_section=\u00bbno\u00bb text_align=\u00bbleft\u00bb background_image_as_pattern=\u00bbwithout_pattern\u00bb css=\u00bb.vc_custom_1542816483340{padding-right: 7% !important;padding-left: 7% !important;}\u00bb z_index=\u00bb\u00bb][vc_column][vc_column_text]<span class=\"\">Esta p\u00e1gina Web es propiedad de\u00a0<\/span><strong><span class=\"\">SUGRANYES ASESORES SL con NIF:<\/span><\/strong><span class=\"\">\u00a0B43367986, direcci\u00f3n postal: C \/ San Francisco, n\u00ba 10, Bajos (43003) Tarragona, tel\u00e9fono: (977) 23 38 06, correo electr\u00f3nico:\u00a0<\/span><a href=\"mailto:info@sugranyes.com\"><span class=\"\">info@sugranyes.com<\/span><\/a><span class=\"\">.\u00a0<\/span>Para cualquier consulta o propuesta, cont\u00e1ctenos en el e-mail mencionado.<\/p>\n<p>Esta p\u00e1gina Web se rige por la normativa exclusivamente aplicable en Espa\u00f1a, quedando sometida a ella, tanto nacionales como extranjeros que utilicen esta p\u00e1gina Web.<\/p>\n<p>El acceso a nuestra p\u00e1gina Web por parte del USUARIO es gratuito y est\u00e1 condicionado a la previa lectura y aceptaci\u00f3n \u00edntegra, expresa y sin reservas de las presentes CONDICIONES GENERALES DE USO vigentes en el momento del acceso, que rogamos lea detenidamente.\u00a0El USUARIO en el momento que utiliza nuestro portal, sus contenidos o servicios, acepta y se somete expresamente a las condiciones generales de uso del mismo.\u00a0Si el usuario no estuviera de acuerdo con las presentes condiciones de uso, deber\u00e1 abstenerse de utilizar este portal y operar por medio del mismo.<\/p>\n<p><span class=\"\">En cualquier momento podremos modificar la presentaci\u00f3n y configuraci\u00f3n de nuestra p\u00e1gina Web, ampliar o reducir servicios e incluso suprimirla de la Red, as\u00ed como los servicios y contenidos prestados, de forma unilateral y sin previo aviso.<\/span>[\/vc_column_text][vc_empty_space][\/vc_column][\/vc_row][vc_row css_animation=\u00bb\u00bb row_type=\u00bbrow\u00bb use_row_as_full_screen_section=\u00bbno\u00bb type=\u00bbfull_width\u00bb angled_section=\u00bbno\u00bb text_align=\u00bbleft\u00bb background_image_as_pattern=\u00bbwithout_pattern\u00bb css=\u00bb.vc_custom_1542816585217{padding-right: 7% !important;padding-left: 7% !important;}\u00bb z_index=\u00bb\u00bb][vc_column][vc_custom_heading text=\u00bbA. PROPIEDAD INTELECTUAL E INDUSTRIAL\u00bb use_theme_fonts=\u00bbyes\u00bb][vc_column_text]Todos los contenidos, textos, im\u00e1genes y marcas son de nuestra propiedad o de terceros que han adquirido sus derechos de explotaci\u00f3n y est\u00e1n protegidos por los derechos de Propiedad Intelectual e Industrial.<\/p>\n<p>El usuario \u00fanicamente tiene derecho a un uso privado de las mismas, sin \u00e1nimo de lucro y necesita autorizaci\u00f3n expresa para modificarlos, reproducirlos, explotarlos, distribuirlos o ejercer cualquier derecho perteneciente a su titular.[\/vc_column_text][vc_empty_space][\/vc_column][\/vc_row][vc_row css_animation=\u00bb\u00bb row_type=\u00bbrow\u00bb use_row_as_full_screen_section=\u00bbno\u00bb type=\u00bbfull_width\u00bb angled_section=\u00bbno\u00bb text_align=\u00bbleft\u00bb background_image_as_pattern=\u00bbwithout_pattern\u00bb css=\u00bb.vc_custom_1542816495012{padding-right: 7% !important;padding-left: 7% !important;}\u00bb z_index=\u00bb\u00bb][vc_column][vc_custom_heading text=\u00bbB. CONDICIONES DE ACCESO\u00bb use_theme_fonts=\u00bbyes\u00bb][vc_column_text]El acceso a nuestra p\u00e1gina Web es gratuito y no exige previa suscripci\u00f3n o registro.<\/p>\n<p>El env\u00edo de datos personales implica la aceptaci\u00f3n expresa por parte del USUARIO de nuestra pol\u00edtica de privacidad.<\/p>\n<p>El usuario debe acceder a nuestra p\u00e1gina Web conforme a la buena fe, las normas de orden p\u00fablico y en las presentes Condiciones Generales de uso.\u00a0El acceso a nuestra Web se realiza bajo la propia y exclusiva responsabilidad del usuario, que responder\u00e1 en todo caso de los da\u00f1os y perjuicios que pueda causar a terceros oa nosotros mismos.<\/p>\n<p><span class=\"goog-text-highlight\">Teniendo en cuenta la imposibilidad de control respecto a la informaci\u00f3n, contenidos y servicios que contengan otras p\u00e1ginas web a los que se pueda acceder a trav\u00e9s de los enlaces que nuestra p\u00e1gina web pueda poner a su disposici\u00f3n, le comunicamos que quedamos exentos de cualquier responsabilidad por los da\u00f1os y perjuicios de toda clase que pudiesen derivar por la utilizaci\u00f3n de esas p\u00e1ginas web ajenas a nuestra empresa, por parte del usuario.<\/span>[\/vc_column_text][vc_empty_space][\/vc_column][\/vc_row][vc_row css_animation=\u00bb\u00bb row_type=\u00bbrow\u00bb use_row_as_full_screen_section=\u00bbno\u00bb type=\u00bbfull_width\u00bb angled_section=\u00bbno\u00bb text_align=\u00bbleft\u00bb background_image_as_pattern=\u00bbwithout_pattern\u00bb css=\u00bb.vc_custom_1542816518934{padding-right: 7% !important;padding-left: 7% !important;}\u00bb z_index=\u00bb\u00bb][vc_column][vc_custom_heading text=\u00bbC. POL\u00cdTICA DE PRIVACIDAD\u00bb use_theme_fonts=\u00bbyes\u00bb][vc_column_text]<span class=\"goog-text-highlight\">La confidencialidad y la seguridad son valores primordiales de SUGRANYES ASESORES SL y, en consecuencia, asumimos el compromiso de garantizar la privacidad del Usuario en todo momento y de no recabar informaci\u00f3n innecesaria.\u00a0<\/span>A continuaci\u00f3n, le proporcionamos toda la informaci\u00f3n necesaria sobre nuestra Pol\u00edtica de Privacidad en relaci\u00f3n con los datos personales que recavar, explic\u00e1ndole:[\/vc_column_text][vc_empty_space]<div class='q_list circle'><\/p>\n<ul>\n<li><span class=\"goog-text-highlight\">\u00bfQui\u00e9n es el responsable del tratamiento de sus datos.<\/span><\/li>\n<li>Para qu\u00e9 fines recabar los datos que le solicitamos.<\/li>\n<li>\u00bfCu\u00e1l es la legitimaci\u00f3n para su tratamiento.<\/li>\n<li>Durante cu\u00e1nto tiempo los conservamos.<\/li>\n<li>A qu\u00e9 destinatarios se comunican sus datos.<\/li>\n<li>\u00bfCu\u00e1les son sus derechos y c\u00f3mo ejercerlos.<\/li>\n<\/ul>\n<p><\/div>[vc_empty_space][vc_column_text]<strong>1. RESPONSABLE:<\/strong>\u00a0ver datos en el encabezamiento.<\/p>\n<p><strong><span class=\"\">2. FINALIDADES, LEGITIMACI\u00d3N Y CONSERVACI\u00d3N<\/span><\/strong><span class=\"\">\u00a0los tratamiento de los datos enviados a trav\u00e9s de:<\/span><\/p>\n<p style=\"padding-left: 30px;\">\u2022 Formulario de Contacto.<\/p>\n<p style=\"padding-left: 60px;\">-Finalidad: Facilitarle un medio para que pueda ponerse en contacto con nosotros y contestar a sus solicitudes de informaci\u00f3n, as\u00ed como enviarle comunicaciones de nuestros servicios, incluso por medios electr\u00f3nicos (correo electr\u00f3nico, SMS, etc.), si as\u00ed lo consiente.<br \/>\n-Legitimaci\u00f3n: El consentimiento del usuario en solicitarnos informaci\u00f3n a trav\u00e9s de nuestro formulario de contacto.<br \/>\n-Conservaci\u00f3n: Una vez resuelta su solicitud por medio de nuestro formulario o contestada por correo electr\u00f3nico, si no ha generado un nuevo tratamiento y en caso de haber aceptado recibir env\u00edos comerciales, hasta que solicite la baja de los mismos.<\/p>\n<p style=\"padding-left: 30px;\">\u2022 Env\u00edo de correos electr\u00f3nicos:<\/p>\n<p style=\"padding-left: 60px;\">-Finalidad: Contestar a sus solicitudes de informaci\u00f3n, atender sus peticiones y responder sus consultas o dudas.<br \/>\n-Legitimaci\u00f3n: El consentimiento del usuario al solicitarnos informaci\u00f3n.<br \/>\n-Conservaci\u00f3n: Una vez resulta contestada su petici\u00f3n por correo electr\u00f3nico, si no ha generado un nuevo tratamiento y en caso de haber aceptado recibir env\u00edos comerciales, hasta que solicite la baja de los mismos.<\/p>\n<p>&nbsp;<\/p>\n<p><strong><span class=\"\">Obligaci\u00f3n de facilitarnos sus datos personales y consecuencias de no hacerlo<\/span><\/strong><\/p>\n<p>Los datos personales solicitados son necesarios para gestionar sus solicitudes, darlo de alta como usuario y \/ o prestarle los servicios que pueda contratar, por lo que, si no nos las facilita, no podremos atender &#8216; el correctamente ni prestarle el servicio que ha solicitado.<br \/>\nEn todo caso, nos reservamos el derecho de decidir sobre la incorporaci\u00f3n o no de sus datos personales y otra informaci\u00f3n en nuestras bases de datos.<\/p>\n<p>&nbsp;<\/p>\n<p><strong>3.DESTINATARIOS DE SUS DATOS<\/strong><\/p>\n<p>Los datos son confidenciales y no se ceder\u00e1n a terceros, salvo que exista una obligaci\u00f3n legal.<\/p>\n<p>&nbsp;<\/p>\n<p><strong>4.DERECHOS EN RELACI\u00d3N CON SUS DATOS PERSONALES.<\/strong><\/p>\n<p>Cualquier persona puede retirar su consentimiento en cualquier momento cuando el mismo se haya otorgado para el tratamiento de sus datos.\u00a0<span class=\"\">En ning\u00fan caso, la retirada de este consentimiento condiciona la ejecuci\u00f3n del contrato de suscripci\u00f3n o las relaciones generadas con anterioridad.\u00a0<\/span><br \/>\nIgualmente, puede ejercer los siguientes derechos:<\/p>\n<p>\u2022 Solicitar el acceso a sus datos personales o su rectificaci\u00f3n cuando sean inexactos.<br \/>\n\u2022 Solicitar su supresi\u00f3n cuando, entre otros motivos, los datos ya no sean necesarias para las finalidades para las que fueron recogidos.<br \/>\n\u2022 Solicitar la limitaci\u00f3n de su tratamiento en determinadas circunstancias.<br \/>\n<span class=\"\">\u2022 Solicitar la oposici\u00f3n al tratamiento de sus datos por motivos relacionados con su situaci\u00f3n particular.\u00a0<\/span><br \/>\n<span class=\"\">\u2022 Solicitar la portabilidad de los datos en los casos previstos en la normativa.\u00a0<\/span><br \/>\n\u2022 Otros derechos reconocidos en las normativas aplicables.<\/p>\n<p>&nbsp;<\/p>\n<p><strong>Ejercicio de los derechos:<\/strong><\/p>\n<p>Los derechos mencionados en el apartado anterior se pueden ejercer:<\/p>\n<p>&#8211; Mediante escrito dirigido a la Gestor\u00eda de manera presencial o por correo ordinario a la direcci\u00f3n: C \/ San Francisco n\u00ba.\u00a010, (4303) Tarragona.<br \/>\n&#8211; Mediante el correo electr\u00f3nico dirigido al Responsable del tratamiento de datos: info@sugranyes.com.<\/p>\n<p>La solicitud deber\u00e1 contener los siguientes datos: nombre y apellidos del interesado, n\u00famero del documento de identidad (DNI, NIE o pasaporte), direcci\u00f3n a efectos de notificaciones y contenido concreto del derecho ejercitado.\u00a0En caso de que la tramitaci\u00f3n se haga presencialmente, se deber\u00e1 adjuntar a la solicitud una fotocopia del documento de identidad.\u00a0Y la solicitud deber\u00e1 indicar claramente en el asunto: \u00abtutela de los derechos RGPD\u00bb.<\/p>\n<p>&nbsp;<\/p>\n<p><strong>V\u00edas de reclamaci\u00f3n<\/strong><\/p>\n<p>En caso de no estar satisfecho con la respuesta al ejercicio de sus derechos y, en todo caso, siempre que lo considere oportuno, podr\u00e1 presentar una reclamaci\u00f3n ante la Autoridad Catalana de Protecci\u00f3n de Datos a trav\u00e9s de su sede electr\u00f3nica: www.apd.cat.<\/p>\n<p>&nbsp;<\/p>\n<p><strong>5.SEGURIDAD DE LOS DATOS PERSONALES<\/strong><\/p>\n<p>Con el objetivo de salvaguardar la seguridad de sus datos personales, le informamos que hemos adaptado todas las medidas de \u00edndole t\u00e9cnica y organizativa necesarias para garantizar la seguridad de los datos personales suministrados y evitar su alteraci\u00f3n, p\u00e9rdida y tratamientos o accesos no autorizados.<\/p>\n<p>&nbsp;<\/p>\n<p><strong><span class=\"\">6.ACTUALITZACI\u00d3N DE SUS DATOS<\/span><\/strong><\/p>\n<p>Es importante que para que podamos mantener sus datos personales actualizados, nos informe siempre que haya habido alguna modificaci\u00f3n en ellos.\u00a0En caso contrario, no respondemos de la veracidad de las mismas.<br \/>\nLa presente Pol\u00edtica de Privacidad puede ser modificada para adaptarla a los cambios que se produzcan en nuestra p\u00e1gina web, as\u00ed como modificaciones legislativas o jurisprudenciales sobre datos personales que vayan aparecen, por lo que exige su lectura, cada vez que nos facilite sus datos a trav\u00e9s de esta p\u00e1gina Web.<\/p>\n<p>&nbsp;<\/p>\n<p><strong>7.REGISTRO DE DIRECCIONES IP<\/strong><\/p>\n<p>Nuestra p\u00e1gina web registra direcciones IP.\u00a0<span class=\"goog-text-highlight\">Las direcciones IP son importantes para hacer un seguimiento de la sesi\u00f3n de un usuario.\u00a0<\/span>Esto nos permite hacernos una idea de qu\u00e9 partes de nuestro sitio web est\u00e1n visitando los usuarios.\u00a0No establecemos enlaces entre las direcciones IP y ning\u00fan dato que permita hacer una identificaci\u00f3n personal de los usuarios.\u00a0Esto significa que, aunque se haga un seguimiento de su sesi\u00f3n, esta permanecer\u00e1 totalmente en el anonimato.[\/vc_column_text][vc_empty_space][\/vc_column][\/vc_row][vc_row css_animation=\u00bb\u00bb row_type=\u00bbrow\u00bb use_row_as_full_screen_section=\u00bbno\u00bb type=\u00bbfull_width\u00bb angled_section=\u00bbno\u00bb text_align=\u00bbleft\u00bb background_image_as_pattern=\u00bbwithout_pattern\u00bb css=\u00bb.vc_custom_1542816530862{padding-right: 7% !important;padding-left: 7% !important;}\u00bb z_index=\u00bb\u00bb][vc_column][vc_custom_heading text=\u00bbD. RESPONSABILIDADES\u00bb use_theme_fonts=\u00bbyes\u00bb][vc_empty_space][vc_column_text]<span class=\"\">Al poner a disposici\u00f3n del usuario esta p\u00e1gina Web queremos ofrecerle un servicio de calidad, utilizando la m\u00e1xima diligencia en la prestaci\u00f3n del mismo, as\u00ed como en los medios tecnol\u00f3gicos utilizados.\u00a0<\/span>No obstante, no responderemos de la presencia de virus y otros elementos que de alg\u00fan modo puedan da\u00f1ar el sistema inform\u00e1tico del usuario.<\/p>\n<p><span class=\"\">No garantizamos que la disponibilidad del servicio sea continua e ininterrumpida.<\/span><\/p>\n<p>El USUARIO tiene prohibido cualquier tipo de acci\u00f3n sobre nuestro portal que origine una excesiva sobrecarga de funcionamiento a nuestros sistemas inform\u00e1ticos, as\u00ed como la introducci\u00f3n de virus, o instalaci\u00f3n de robots, o software que altere el normal funcionamiento de nuestra p\u00e1gina web o, en definitiva, pueda causar da\u00f1os a nuestros sistemas inform\u00e1ticos.<\/p>\n<p>El USUARIO asume toda la responsabilidad derivada del uso de nuestra p\u00e1gina web.<\/p>\n<p><span class=\"\">El USUARIO reconoce que ha entendido toda la informaci\u00f3n respecto a las condiciones de uso de nuestro portal, y reconoce que son suficientes para la exclusi\u00f3n del error en las mismas y, por tanto, las acepta integra y expresamente.<\/span>[\/vc_column_text][vc_empty_space][\/vc_column][\/vc_row]<\/p>\n<\/div>","protected":false},"excerpt":{"rendered":"<p>[vc_row css_animation=\u00bb\u00bb row_type=\u00bbrow\u00bb use_row_as_full_screen_section=\u00bbno\u00bb type=\u00bbfull_width\u00bb angled_section=\u00bbno\u00bb text_align=\u00bbleft\u00bb background_image_as_pattern=\u00bbwithout_pattern\u00bb css=\u00bb.vc_custom_1542816483340{padding-right: 7% !important;padding-left: 7% !important;}\u00bb z_index=\u00bb\u00bb][vc_column][vc_column_text]Esta p\u00e1gina Web es propiedad de\u00a0SUGRANYES ASESORES SL con NIF:\u00a0B43367986, direcci\u00f3n postal: C \/ San Francisco, n\u00ba 10, Bajos (43003) Tarragona, tel\u00e9fono: (977) 23 38 06, correo electr\u00f3nico:\u00a0info@sugranyes.com.\u00a0Para cualquier consulta o propuesta,&#8230;<\/p>\n","protected":false},"author":1,"featured_media":0,"parent":0,"menu_order":0,"comment_status":"closed","ping_status":"closed","template":"full_width.php","meta":{"_joinchat":[],"footnotes":""},"_links":{"self":[{"href":"https:\/\/www.sugranyes.com\/es\/wp-json\/wp\/v2\/pages\/336"}],"collection":[{"href":"https:\/\/www.sugranyes.com\/es\/wp-json\/wp\/v2\/pages"}],"about":[{"href":"https:\/\/www.sugranyes.com\/es\/wp-json\/wp\/v2\/types\/page"}],"author":[{"embeddable":true,"href":"https:\/\/www.sugranyes.com\/es\/wp-json\/wp\/v2\/users\/1"}],"replies":[{"embeddable":true,"href":"https:\/\/www.sugranyes.com\/es\/wp-json\/wp\/v2\/comments?post=336"}],"version-history":[{"count":0,"href":"https:\/\/www.sugranyes.com\/es\/wp-json\/wp\/v2\/pages\/336\/revisions"}],"wp:attachment":[{"href":"https:\/\/www.sugranyes.com\/es\/wp-json\/wp\/v2\/media?parent=336"}],"curies":[{"name":"wp","href":"https:\/\/api.w.org\/{rel}","templated":true}]}}