{"id":3148,"date":"2023-06-24T19:36:36","date_gmt":"2023-06-24T17:36:36","guid":{"rendered":"https:\/\/www.sugranyes.com\/?page_id=3148"},"modified":"2025-07-07T12:30:56","modified_gmt":"2025-07-07T10:30:56","slug":"canje-del-permiso-de-conducir","status":"publish","type":"page","link":"https:\/\/www.sugranyes.com\/es\/servicios\/canje-del-permiso-de-conducir\/","title":{"rendered":"Canje del permiso de conducir"},"content":{"rendered":"<div class=\"wpb-content-wrapper\"><p>[vc_row css_animation=\u00bb\u00bb row_type=\u00bbrow\u00bb use_row_as_full_screen_section=\u00bbno\u00bb type=\u00bbfull_width\u00bb angled_section=\u00bbno\u00bb text_align=\u00bbleft\u00bb background_image_as_pattern=\u00bbwithout_pattern\u00bb][vc_column][rev_slider_vc alias=\u00bbbescanvi-permis-conduir\u00bb][\/vc_column][\/vc_row][vc_row css_animation=\u00bb\u00bb row_type=\u00bbrow\u00bb use_row_as_full_screen_section=\u00bbno\u00bb type=\u00bbfull_width\u00bb angled_section=\u00bbno\u00bb text_align=\u00bbleft\u00bb background_image_as_pattern=\u00bbwithout_pattern\u00bb][vc_column][vc_empty_space][\/vc_column][\/vc_row][vc_row css_animation=\u00bb\u00bb row_type=\u00bbrow\u00bb use_row_as_full_screen_section=\u00bbno\u00bb type=\u00bbfull_width\u00bb angled_section=\u00bbno\u00bb text_align=\u00bbleft\u00bb background_image_as_pattern=\u00bbwithout_pattern\u00bb css=\u00bb.vc_custom_1542500631923{padding-right: 7% !important;padding-left: 7% !important;}\u00bb z_index=\u00bb\u00bb][vc_column width=\u00bb1\/4&#8243; offset=\u00bbvc_hidden-md vc_hidden-sm vc_hidden-xs\u00bb][vc_widget_sidebar sidebar_id=\u00bbfooter_column_2&#8243;][\/vc_column][vc_column width=\u00bb1\/2&#8243; offset=\u00bbvc_col-xs-12&#8243;][vc_column_text]C\u00f3mo nos describe la DGT (Direcci\u00f3n General de Tr\u00e1fico), el canje del permiso de conducir es la homologaci\u00f3n del permiso de conducir original de su pa\u00eds, al permiso espa\u00f1ol, siendo un tr\u00e1mite mucho m\u00e1s sencillo de realizar que la obtenci\u00f3n un nuevo permiso.<\/p>\n<p>Si es residente en Espa\u00f1a y tiene alg\u00fan permiso de conducir expedido en su pa\u00eds de origen, puede canjear, o cambiarlo por uno espa\u00f1ol equivalente -entregando siempre el original-, cuando exista un convenio con su pa\u00eds de origen, y re\u00fana una serie de requisitos administrativos.<\/p>\n<p>Sugranyes Assessors i Gestors comprobar\u00e1 que su pa\u00eds de origen est\u00e9 dentro el listado de pa\u00edses con convenio\u00a0para realizar el <strong>Canje del permiso de conducir<\/strong> y realizar\u00e1 los tr\u00e1mites necesarios para la homologaci\u00f3n, canje, o cambio, de su permiso de origen, por un permiso espa\u00f1ol y poder as\u00ed conducir con total libertad.[\/vc_column_text][vc_empty_space][vc_column_text]<\/p>\n<h2>Documentos necesarios para homologar un carnet de conducir en Espa\u00f1a<\/h2>\n<ul>\n<li>Modelo 03 DGT \u201ctr\u00e1mites de conductores\u201d.<\/li>\n<li>DNI\/NIE + pasaporte.<\/li>\n<li>Permiso de conducci\u00f3n extranjero vigente.<\/li>\n<li>Tarjeta de residencia vigente.<\/li>\n<li>Acreditar que no resid\u00edas en Espa\u00f1a cuando obtuviste el permiso.\n<ul>\n<li>Certificado de Inscripci\u00f3n y Baja Consular expedido por la Embajada de Espa\u00f1a.<\/li>\n<li>Pueden pedir m\u00e1s documentaci\u00f3n: tarjeta de residencia, estudiante o comunitaria;<br \/>\ncertificado de inscripci\u00f3n en el registro de extranjeros; certificado de extranjer\u00eda.<\/li>\n<\/ul>\n<\/li>\n<li>Informe de aptitud psicof\u00edsica.<\/li>\n<li>Fotograf\u00eda original actual de 32 x 26mm, en color y fondo lindo.<\/li>\n<li>Tasa 2.3. DGT\/2.1. DGT.<\/li>\n<li>Mandato GA.<\/li>\n<li>Cita Canje DGT.<\/li>\n<\/ul>\n<p>[\/vc_column_text][vc_empty_space][vc_column_text css=\u00bb\u00bb]Completa el proceso en nuestro sitio web dedicado <span style=\"text-decoration: underline;\"><strong><a href=\"https:\/\/traficogestion.com\">https:\/\/traficogestion.com<\/a><\/strong><\/span>[\/vc_column_text][\/vc_column][vc_column width=\u00bb1\/2&#8243; offset=\u00bbvc_col-lg-3 vc_col-xs-12&#8243;][vc_column_text css=\u00bb.vc_custom_1542714966721{padding-right: 5% !important;padding-left: 5% !important;background-color: #053671 !important;border-radius: 5px !important;}\u00bb]<span style=\"color: #ffffff;\"><strong>Horari d&#8217;oficina i atenci\u00f3 online:<\/strong><\/span><\/p>\n<p><span style=\"color: #ffffff;\">De dilluns a divendres<\/span><\/p>\n<p><span style=\"color: #ffffff;\">09.00h a 14.00h i 16.00h a 19.00h<\/span>[\/vc_column_text][vc_empty_space]<a  itemprop=\"url\" href=\"https:\/\/traficogestion.com\" target=\"_blank\"  class=\"qbutton  default\" style=\"\">+ info<\/a>[vc_column_text css=\u00bb\u00bb](Clicando el bot\u00f3n ser\u00e1s reenviado a nuestro sitio web dedicado https:\/\/traficogestion.com)[\/vc_column_text][\/vc_column][\/vc_row][vc_row css_animation=\u00bb\u00bb row_type=\u00bbrow\u00bb use_row_as_full_screen_section=\u00bbno\u00bb type=\u00bbfull_width\u00bb angled_section=\u00bbno\u00bb text_align=\u00bbleft\u00bb background_image_as_pattern=\u00bbwithout_pattern\u00bb][vc_column][vc_empty_space][\/vc_column][\/vc_row]<\/p>\n<\/div>","protected":false},"excerpt":{"rendered":"<p>[vc_row css_animation=\u00bb\u00bb row_type=\u00bbrow\u00bb use_row_as_full_screen_section=\u00bbno\u00bb type=\u00bbfull_width\u00bb angled_section=\u00bbno\u00bb text_align=\u00bbleft\u00bb background_image_as_pattern=\u00bbwithout_pattern\u00bb][vc_column][rev_slider_vc alias=\u00bbbescanvi-permis-conduir\u00bb][\/vc_column][\/vc_row][vc_row css_animation=\u00bb\u00bb row_type=\u00bbrow\u00bb use_row_as_full_screen_section=\u00bbno\u00bb type=\u00bbfull_width\u00bb angled_section=\u00bbno\u00bb text_align=\u00bbleft\u00bb background_image_as_pattern=\u00bbwithout_pattern\u00bb][vc_column][vc_empty_space][\/vc_column][\/vc_row][vc_row css_animation=\u00bb\u00bb row_type=\u00bbrow\u00bb use_row_as_full_screen_section=\u00bbno\u00bb type=\u00bbfull_width\u00bb angled_section=\u00bbno\u00bb text_align=\u00bbleft\u00bb background_image_as_pattern=\u00bbwithout_pattern\u00bb css=\u00bb.vc_custom_1542500631923{padding-right: 7% !important;padding-left: 7% !important;}\u00bb z_index=\u00bb\u00bb][vc_column width=\u00bb1\/4&#8243; offset=\u00bbvc_hidden-md vc_hidden-sm vc_hidden-xs\u00bb][vc_widget_sidebar sidebar_id=\u00bbfooter_column_2&#8243;][\/vc_column][vc_column width=\u00bb1\/2&#8243; offset=\u00bbvc_col-xs-12&#8243;][vc_column_text]C\u00f3mo nos describe la DGT (Direcci\u00f3n General de Tr\u00e1fico), el&#8230;<\/p>\n","protected":false},"author":1,"featured_media":0,"parent":344,"menu_order":0,"comment_status":"closed","ping_status":"closed","template":"","meta":{"_joinchat":[],"footnotes":""},"_links":{"self":[{"href":"https:\/\/www.sugranyes.com\/es\/wp-json\/wp\/v2\/pages\/3148"}],"collection":[{"href":"https:\/\/www.sugranyes.com\/es\/wp-json\/wp\/v2\/pages"}],"about":[{"href":"https:\/\/www.sugranyes.com\/es\/wp-json\/wp\/v2\/types\/page"}],"author":[{"embeddable":true,"href":"https:\/\/www.sugranyes.com\/es\/wp-json\/wp\/v2\/users\/1"}],"replies":[{"embeddable":true,"href":"https:\/\/www.sugranyes.com\/es\/wp-json\/wp\/v2\/comments?post=3148"}],"version-history":[{"count":4,"href":"https:\/\/www.sugranyes.com\/es\/wp-json\/wp\/v2\/pages\/3148\/revisions"}],"predecessor-version":[{"id":3997,"href":"https:\/\/www.sugranyes.com\/es\/wp-json\/wp\/v2\/pages\/3148\/revisions\/3997"}],"up":[{"embeddable":true,"href":"https:\/\/www.sugranyes.com\/es\/wp-json\/wp\/v2\/pages\/344"}],"wp:attachment":[{"href":"https:\/\/www.sugranyes.com\/es\/wp-json\/wp\/v2\/media?parent=3148"}],"curies":[{"name":"wp","href":"https:\/\/api.w.org\/{rel}","templated":true}]}}