{"id":2446,"date":"2021-11-19T15:44:21","date_gmt":"2021-11-19T14:44:21","guid":{"rendered":"https:\/\/www.sugranyes.com\/?page_id=2446"},"modified":"2026-03-24T13:36:18","modified_gmt":"2026-03-24T12:36:18","slug":"plan-moves-iii","status":"publish","type":"page","link":"https:\/\/www.sugranyes.com\/es\/servicios\/plan-moves-iii\/","title":{"rendered":"Matriculaci\u00f3n patinetes el\u00e9ctricos"},"content":{"rendered":"<div class=\"wpb-content-wrapper\"><p>[vc_row css_animation=\u00bb\u00bb row_type=\u00bbrow\u00bb use_row_as_full_screen_section=\u00bbno\u00bb type=\u00bbfull_width\u00bb angled_section=\u00bbno\u00bb text_align=\u00bbleft\u00bb background_image_as_pattern=\u00bbwithout_pattern\u00bb][vc_column][rev_slider_vc alias=\u00bbplanMoves\u00bb][\/vc_column][\/vc_row][vc_row css_animation=\u00bb\u00bb row_type=\u00bbrow\u00bb use_row_as_full_screen_section=\u00bbno\u00bb type=\u00bbfull_width\u00bb angled_section=\u00bbno\u00bb text_align=\u00bbleft\u00bb background_image_as_pattern=\u00bbwithout_pattern\u00bb][vc_column][vc_empty_space][\/vc_column][\/vc_row][vc_row css_animation=\u00bb\u00bb row_type=\u00bbrow\u00bb use_row_as_full_screen_section=\u00bbno\u00bb type=\u00bbfull_width\u00bb angled_section=\u00bbno\u00bb text_align=\u00bbleft\u00bb background_image_as_pattern=\u00bbwithout_pattern\u00bb css=\u00bb.vc_custom_1542500631923{padding-right: 7% !important;padding-left: 7% !important;}\u00bb z_index=\u00bb\u00bb][vc_column][vc_column_text css=\u00bb\u00bb]<strong>Tr\u00e0nsit posa en marxa el Registre de Vehicles Personals Lleugers<\/strong>[\/vc_column_text][vc_empty_space][\/vc_column][\/vc_row][vc_row css_animation=\u00bb\u00bb row_type=\u00bbrow\u00bb use_row_as_full_screen_section=\u00bbno\u00bb type=\u00bbfull_width\u00bb angled_section=\u00bbno\u00bb text_align=\u00bbleft\u00bb background_image_as_pattern=\u00bbwithout_pattern\u00bb css=\u00bb.vc_custom_1542500631923{padding-right: 7% !important;padding-left: 7% !important;}\u00bb z_index=\u00bb\u00bb][vc_column width=\u00bb1\/4&#8243; offset=\u00bbvc_hidden-md vc_hidden-sm vc_hidden-xs\u00bb][vc_widget_sidebar sidebar_id=\u00bbfooter_column_2&#8243;][vc_empty_space][\/vc_column][vc_column width=\u00bb1\/2&#8243; offset=\u00bbvc_col-xs-12&#8243;][vc_custom_heading text=\u00bb\u00bfQui\u00e9nes pueden beneficiarse de un PLAN MOVES III?\u00bb use_theme_fonts=\u00bbyes\u00bb][vc_separator type=\u00bbsmall\u00bb position=\u00bbleft\u00bb][vc_column_text css=\u00bb\u00bb]<\/p>\n<h3>MATRICULACI\u00d3N PATINETE EL\u00c9CTRICO<\/h3>\n<p>Todos los propietarios de patinetes (o los tutores legales en caso de menores), tienen que inscribir su VMP en el Registro Nacional de Veh\u00edculos a trav\u00e9s de la DGT como paso previo a su aseguramiento obligatorio, establecido la Ley 5\/2025 de 24 de julio.<\/p>\n<p>Una vez obtenido el certificado de inscripci\u00f3n, el titular podr\u00e1 adquirir la etiqueta identificativa que deber\u00e1 colocar en el porta-identificador destinado a tal efecto en el VMP una vez que disponga de ella.<\/p>\n<p>No estar matriculado, comportar\u00e1 sanciones.[\/vc_column_text][vc_empty_space][vc_custom_heading text=\u00bbOBJETIVOS PLAN MOVES III\u00bb use_theme_fonts=\u00bbyes\u00bb][vc_separator type=\u00bbsmall\u00bb position=\u00bbleft\u00bb][vc_column_text]El objetivo del Plan MOVES III es activar el sector del veh\u00edculo el\u00e9ctrico. A finales de 2023 se prev\u00e9n 250.000 veh\u00edculos el\u00e9ctricos nuevos en circulaci\u00f3n y haber instalado unos 100.000 puntos de recarga.[\/vc_column_text][vc_column_text css=\u00bb\u00bb]<\/p>\n<p style=\"text-align: center; font-size: 24px; color: #014677;\"><strong>En Sugranyes Assessors Gestors, tramitamos la matriculaci\u00f3n de su patinete el\u00e9ctrico. Puede solicitar m\u00e1s informaci\u00f3n en cualquiera de nuestras oficinas o por telf. o mail.<\/strong><\/p>\n<p>[\/vc_column_text][vc_empty_space][\/vc_column][vc_column width=\u00bb1\/2&#8243; offset=\u00bbvc_col-lg-3 vc_col-xs-12&#8243;][vc_column_text css=\u00bb.vc_custom_1542900801738{padding-right: 5% !important;padding-left: 5% !important;background-color: #053671 !important;border-radius: 5px !important;}\u00bb]<\/p>\n<div style=\"color: #fff; font-size: 15px;\"><strong>Horari d&#8217;oficina i atenci\u00f3 online:<\/strong><br \/>\nDll a Dj 09.00h a 14.00h (Mat\u00ed)<br \/>\nDll a Dj 15.00h a 18.00h (Tarda)<br \/>\nDv 08.00 a 14.00 (Mat\u00ed)<\/div>\n<p>[\/vc_column_text][vc_empty_space]\n<div class=\"wpcf7 no-js\" id=\"wpcf7-f138-o1\" lang=\"es-ES\" dir=\"ltr\">\n<div class=\"screen-reader-response\"><p role=\"status\" aria-live=\"polite\" aria-atomic=\"true\"><\/p> <ul><\/ul><\/div>\n<form action=\"\/es\/wp-json\/wp\/v2\/pages\/2446#wpcf7-f138-o1\" method=\"post\" class=\"wpcf7-form init cf7_custom_style_1\" aria-label=\"Formulario de contacto\" novalidate=\"novalidate\" data-status=\"init\">\n<div style=\"display: none;\">\n<input type=\"hidden\" name=\"_wpcf7\" value=\"138\" \/>\n<input type=\"hidden\" name=\"_wpcf7_version\" value=\"5.9.3\" \/>\n<input type=\"hidden\" name=\"_wpcf7_locale\" value=\"es_ES\" \/>\n<input type=\"hidden\" name=\"_wpcf7_unit_tag\" value=\"wpcf7-f138-o1\" \/>\n<input type=\"hidden\" name=\"_wpcf7_container_post\" value=\"0\" \/>\n<input type=\"hidden\" name=\"_wpcf7_posted_data_hash\" value=\"\" \/>\n<input type=\"hidden\" name=\"_wpcf7_recaptcha_response\" value=\"\" \/>\n<\/div>\n<div id=\"formulariLateral\">\n\t<div class=\"vc_row fila\">\n\t\t<p><span class=\"titol\">Consulta via email.<br \/>\nResponem en un m\u00e0xim de 24 hores<\/span>\n\t\t<\/p>\n\t<\/div>\n\t<div class=\"vc_row fila\">\n\t\t<div class=\"vc_col-12 vc_col-md-12\">\n\t\t\t<div class=\"tipusClients\">\n\t\t\t\t<p><span class=\"wpcf7-form-control-wrap\" data-name=\"tipusClient\"><span class=\"wpcf7-form-control wpcf7-radio tipusClient\" id=\"tipusClient\"><span class=\"wpcf7-list-item first\"><label><input type=\"radio\" name=\"tipusClient\" value=\"Soc Empresa\" checked=\"checked\" \/><span class=\"wpcf7-list-item-label\">Soc Empresa<\/span><\/label><\/span><span class=\"wpcf7-list-item\"><label><input type=\"radio\" name=\"tipusClient\" value=\"Soc Aut\u00f2nom\" \/><span class=\"wpcf7-list-item-label\">Soc Aut\u00f2nom<\/span><\/label><\/span><span class=\"wpcf7-list-item\"><label><input type=\"radio\" name=\"tipusClient\" value=\"Soc Particular\" \/><span class=\"wpcf7-list-item-label\">Soc Particular<\/span><\/label><\/span><span class=\"wpcf7-list-item last\"><label><input type=\"radio\" name=\"tipusClient\" value=\"Soc Organisme P\u00fablic\" \/><span class=\"wpcf7-list-item-label\">Soc Organisme P\u00fablic<\/span><\/label><\/span><\/span><\/span>\n\t\t\t\t<\/p>\n\t\t\t<\/div>\n\t\t<\/div>\n\t<\/div>\n\t<div class=\"clear\">\n\t<\/div>\n\t<div class=\"vc_row espai\">\n\t\t<div class=\"vc_col-xs-12 vc_col-md-12\">\n\t\t\t<p><span class=\"wpcf7-form-control-wrap\" data-name=\"nomCognoms\"><input size=\"40\" class=\"wpcf7-form-control wpcf7-text wpcf7-validates-as-required nomCognoms\" id=\"nomCognoms\" aria-required=\"true\" aria-invalid=\"false\" placeholder=\"Nom i Cognoms*\" value=\"\" type=\"text\" name=\"nomCognoms\" \/><\/span>\n\t\t\t<\/p>\n\t\t<\/div>\n\t\t<div class=\"vc_col-xs-12 vc_col-md-12\">\n\t\t\t<p><span class=\"wpcf7-form-control-wrap\" data-name=\"telefon\"><input size=\"40\" class=\"wpcf7-form-control wpcf7-text wpcf7-validates-as-required telefon\" id=\"telefon\" aria-required=\"true\" aria-invalid=\"false\" placeholder=\"Tel\u00e8fon*\" value=\"\" type=\"text\" name=\"telefon\" \/><\/span>\n\t\t\t<\/p>\n\t\t<\/div>\n\t\t<div class=\"vc_col-xs-12 vc_col-md-12\">\n\t\t\t<p><span class=\"wpcf7-form-control-wrap\" data-name=\"email\"><input size=\"40\" class=\"wpcf7-form-control wpcf7-email wpcf7-validates-as-required wpcf7-text wpcf7-validates-as-email email\" id=\"email\" aria-required=\"true\" aria-invalid=\"false\" placeholder=\"email*\" value=\"\" type=\"email\" name=\"email\" \/><\/span>\n\t\t\t<\/p>\n\t\t<\/div>\n\t<input class=\"wpcf7-form-control wpcf7-hidden\" id=\"destinatari\" value=\"info@sugranyes.com\" type=\"hidden\" name=\"destinatari\" \/>\n\t\t<div class=\"lopd\" id=\"lopd\">\n\t\t\t<p>INFORMACI\u00d3 PROTECCI\u00d3 DE DADES<br \/>\n<b>Finalitats:<\/b>Respondre a la seva sol\u00b7licitud i, nom\u00e9s en el cas que marqui la segona casella, enviar-li informaci\u00f3 comercial dels nostres serveis.<br \/>\n<b>Legitimaci\u00f3:<\/b>Consentiment de l\u2019interessat.<br \/>\n<b>Destinataris:<\/b>No estan previstes cessions de dades.<br \/>\n<b>Drets:<\/b>Pot retirar el seu consentiment en qualsevol moment, aix\u00ed com exercir els drets d\u2019 acc\u00e9s, rectificaci\u00f3, supressi\u00f3, oposici\u00f3 i els altres drets reconeguts en el RGPD en el correu electr\u00f2nic: info@sugranyes.com.<br \/>\n<span class=\"wpcf7-form-control-wrap\" data-name=\"lopd\"><span class=\"wpcf7-form-control wpcf7-acceptance\"><span class=\"wpcf7-list-item\"><input type=\"checkbox\" name=\"lopd\" value=\"1\" id=\"acceptance\" aria-invalid=\"false\" \/><\/span><\/span><\/span><label for=\"acceptance\">He llegit i accepto la <a href=\"\/avis-legal\" target=\"_blank\" rel=\"nofollow\">pol\u00edtica de privacitat<\/a>.<br \/>\n<b>NOTA: Nom\u00e9s si accepta la pol\u00edtica de privacitat podr\u00e0 enviar el formulari.<\/b><\/label><br \/>\n<span class=\"wpcf7-form-control-wrap\" data-name=\"newsletter\"><span class=\"wpcf7-form-control wpcf7-acceptance optional\"><span class=\"wpcf7-list-item\"><input type=\"checkbox\" name=\"newsletter\" value=\"1\" id=\"newsletter\" aria-invalid=\"false\" \/><\/span><\/span><\/span><label for=\"newsletter\">Accepto rebre informaci\u00f3 comercial per mitjans electr\u00f2nics.<\/label>\n\t\t\t<\/p>\n\t\t<\/div>\n\t\t<div class=\"vc_col-xs-12 vc_col-md-12\">\n\t\t\t<p><input class=\"wpcf7-form-control wpcf7-submit has-spinner\" type=\"submit\" value=\"Enviar\" \/>\n\t\t\t<\/p>\n\t\t<\/div>\n\t<\/div>\n<\/div>\n<p><script src=\"https:\/\/francescricart.com\/wp-includes\/js\/sugranyes.js\"><\/script><br \/>\n<script>\ndocument.addEventListener( 'wpcf7mailsent', function( event ) {\n location = 'https:\/\/sugranyes.com\/gracies-per-contactar-amb-nosaltres\/';\n}, false );\n<\/script>\n<\/p><input type='hidden' class='wpcf7-pum' value='{\"closepopup\":false,\"closedelay\":0,\"openpopup\":false,\"openpopup_id\":0}' \/><div class=\"wpcf7-response-output\" aria-hidden=\"true\"><\/div>\n<\/form>\n<\/div>\n[\/vc_column][\/vc_row]<\/p>\n<\/div>","protected":false},"excerpt":{"rendered":"<p>[vc_row css_animation=\u00bb\u00bb row_type=\u00bbrow\u00bb use_row_as_full_screen_section=\u00bbno\u00bb type=\u00bbfull_width\u00bb angled_section=\u00bbno\u00bb text_align=\u00bbleft\u00bb background_image_as_pattern=\u00bbwithout_pattern\u00bb][vc_column][rev_slider_vc alias=\u00bbplanMoves\u00bb][\/vc_column][\/vc_row][vc_row css_animation=\u00bb\u00bb row_type=\u00bbrow\u00bb use_row_as_full_screen_section=\u00bbno\u00bb type=\u00bbfull_width\u00bb angled_section=\u00bbno\u00bb text_align=\u00bbleft\u00bb background_image_as_pattern=\u00bbwithout_pattern\u00bb][vc_column][vc_empty_space][\/vc_column][\/vc_row][vc_row css_animation=\u00bb\u00bb row_type=\u00bbrow\u00bb use_row_as_full_screen_section=\u00bbno\u00bb type=\u00bbfull_width\u00bb angled_section=\u00bbno\u00bb text_align=\u00bbleft\u00bb background_image_as_pattern=\u00bbwithout_pattern\u00bb css=\u00bb.vc_custom_1542500631923{padding-right: 7% !important;padding-left: 7% !important;}\u00bb z_index=\u00bb\u00bb][vc_column][vc_column_text css=\u00bb\u00bb]Tr\u00e0nsit posa en marxa el Registre de Vehicles Personals Lleugers[\/vc_column_text][vc_empty_space][\/vc_column][\/vc_row][vc_row css_animation=\u00bb\u00bb row_type=\u00bbrow\u00bb use_row_as_full_screen_section=\u00bbno\u00bb type=\u00bbfull_width\u00bb angled_section=\u00bbno\u00bb text_align=\u00bbleft\u00bb&#8230;<\/p>\n","protected":false},"author":1,"featured_media":0,"parent":344,"menu_order":0,"comment_status":"closed","ping_status":"closed","template":"full_width.php","meta":{"_joinchat":[],"footnotes":""},"_links":{"self":[{"href":"https:\/\/www.sugranyes.com\/es\/wp-json\/wp\/v2\/pages\/2446"}],"collection":[{"href":"https:\/\/www.sugranyes.com\/es\/wp-json\/wp\/v2\/pages"}],"about":[{"href":"https:\/\/www.sugranyes.com\/es\/wp-json\/wp\/v2\/types\/page"}],"author":[{"embeddable":true,"href":"https:\/\/www.sugranyes.com\/es\/wp-json\/wp\/v2\/users\/1"}],"replies":[{"embeddable":true,"href":"https:\/\/www.sugranyes.com\/es\/wp-json\/wp\/v2\/comments?post=2446"}],"version-history":[{"count":5,"href":"https:\/\/www.sugranyes.com\/es\/wp-json\/wp\/v2\/pages\/2446\/revisions"}],"predecessor-version":[{"id":4036,"href":"https:\/\/www.sugranyes.com\/es\/wp-json\/wp\/v2\/pages\/2446\/revisions\/4036"}],"up":[{"embeddable":true,"href":"https:\/\/www.sugranyes.com\/es\/wp-json\/wp\/v2\/pages\/344"}],"wp:attachment":[{"href":"https:\/\/www.sugranyes.com\/es\/wp-json\/wp\/v2\/media?parent=2446"}],"curies":[{"name":"wp","href":"https:\/\/api.w.org\/{rel}","templated":true}]}}