{"id":2408,"date":"2021-11-19T11:40:11","date_gmt":"2021-11-19T10:40:11","guid":{"rendered":"https:\/\/www.sugranyes.com\/?page_id=2408"},"modified":"2021-11-19T15:40:02","modified_gmt":"2021-11-19T14:40:02","slug":"certificado-digital","status":"publish","type":"page","link":"https:\/\/www.sugranyes.com\/es\/servicios\/certificado-digital\/","title":{"rendered":"Certificado digital"},"content":{"rendered":"<div class=\"wpb-content-wrapper\"><p>[vc_row css_animation=\u00bb\u00bb row_type=\u00bbrow\u00bb use_row_as_full_screen_section=\u00bbno\u00bb type=\u00bbfull_width\u00bb angled_section=\u00bbno\u00bb text_align=\u00bbleft\u00bb background_image_as_pattern=\u00bbwithout_pattern\u00bb][vc_column][rev_slider_vc alias=\u00bbcertificatDigital\u00bb][\/vc_column][\/vc_row][vc_row css_animation=\u00bb\u00bb row_type=\u00bbrow\u00bb use_row_as_full_screen_section=\u00bbno\u00bb type=\u00bbfull_width\u00bb angled_section=\u00bbno\u00bb text_align=\u00bbleft\u00bb background_image_as_pattern=\u00bbwithout_pattern\u00bb][vc_column][vc_empty_space][\/vc_column][\/vc_row][vc_row css_animation=\u00bb\u00bb row_type=\u00bbrow\u00bb use_row_as_full_screen_section=\u00bbno\u00bb type=\u00bbfull_width\u00bb angled_section=\u00bbno\u00bb text_align=\u00bbleft\u00bb background_image_as_pattern=\u00bbwithout_pattern\u00bb css=\u00bb.vc_custom_1542500631923{padding-right: 7% !important;padding-left: 7% !important;}\u00bb z_index=\u00bb\u00bb][vc_column][vc_column_text]<\/p>\n<p style=\"text-align: center; font-size: 24px; color: #4e4e4e;\"><strong>NUEVO SERVICIO DE TRAMITACI\u00d3N Y CUSTODIA DE CERTIFICADOS DIGITALES PARA PARTICULARES, EMPRESAS, ENTIDADES Y AUT\u00d3NOMOS.<\/strong><\/p>\n<p>[\/vc_column_text][vc_empty_space][\/vc_column][\/vc_row][vc_row css_animation=\u00bb\u00bb row_type=\u00bbrow\u00bb use_row_as_full_screen_section=\u00bbno\u00bb type=\u00bbfull_width\u00bb angled_section=\u00bbno\u00bb text_align=\u00bbleft\u00bb background_image_as_pattern=\u00bbwithout_pattern\u00bb css=\u00bb.vc_custom_1542500631923{padding-right: 7% !important;padding-left: 7% !important;}\u00bb z_index=\u00bb\u00bb][vc_column width=\u00bb1\/4&#8243; offset=\u00bbvc_hidden-md vc_hidden-sm vc_hidden-xs\u00bb][vc_widget_sidebar sidebar_id=\u00bbfooter_column_2&#8243;][vc_empty_space][\/vc_column][vc_column width=\u00bb1\/2&#8243; offset=\u00bbvc_col-xs-12&#8243;][vc_custom_heading text=\u00bb\u00bfQu\u00e9 es un Certificado Digital?\u00bb use_theme_fonts=\u00bbyes\u00bb][vc_separator type=\u00bbsmall\u00bb position=\u00bbleft\u00bb][vc_column_text]Un Certificado Digital es un instrumento de identificaci\u00f3n personal electr\u00f3nico y que funciona a trav\u00e9s de herramientas inform\u00e1ticas, tabletas o telefon\u00eda y con conexi\u00f3n a Internet.<\/p>\n<p>La definici\u00f3n de la Comisi\u00f3n Europea en el reglamento eIDAS de \u00abcertificado de firma electr\u00f3nica\u00bb es: \u00abUna declaraci\u00f3n electr\u00f3nica que vincula los datos de validaci\u00f3n de una firma con una persona f\u00edsica y confirma, la identidad de esa persona\u00bb.[\/vc_column_text][vc_empty_space][vc_custom_heading text=\u00bb\u00bfPara qu\u00e9 sirve un Certificado Digital?\u00bb use_theme_fonts=\u00bbyes\u00bb][vc_separator type=\u00bbsmall\u00bb position=\u00bbleft\u00bb][vc_column_text]Sirve para comunicarse y realizar tr\u00e1mites de forma segura y fehaciente, en el entorno electr\u00f3nico, tanto por el sector privado como con las administraciones p\u00fablicas, garantizando as\u00ed la autenticidad de la identidad del usuario.[\/vc_column_text][vc_empty_space][vc_custom_heading text=\u00bb\u00bfQu\u00e9 garantiza el uso del Certificado Digital?\u00bb use_theme_fonts=\u00bbyes\u00bb][vc_separator type=\u00bbsmall\u00bb position=\u00bbleft\u00bb][vc_column_text]<\/p>\n<ul>\n<li>La autentificaci\u00f3n: La identidad del emisor y del receptor de la informaci\u00f3n.<\/li>\n<li>La integridad de la transacci\u00f3n: el mensaje no ha sido manipulado durante el env\u00edo.<\/li>\n<li>La confidencialidad: que s\u00f3lo el emisor y el receptor vean la informaci\u00f3n.<\/li>\n<li>Compromiso o no repudio: Que el receptor de la firma obtenga las evidencias suficientes para probar la relaci\u00f3n entre el firmante y los datos firmados.<\/li>\n<\/ul>\n<p>[\/vc_column_text][vc_empty_space][vc_custom_heading text=\u00bbTipo de certificados digitales\u00bb use_theme_fonts=\u00bbyes\u00bb][vc_separator type=\u00bbsmall\u00bb position=\u00bbleft\u00bb][vc_column_text]<\/p>\n<p align=\"JUSTIFY\">Para realizar tr\u00e1mites por internet con las administraciones p\u00fablicas, es necesario identificarse y, en algunos casos, tambi\u00e9n firmar. Cada administraci\u00f3n p\u00fablica decide qu\u00e9 sistemas de identificaci\u00f3n admite para cada tr\u00e1mite.<\/p>\n<p>[\/vc_column_text][vc_empty_space][vc_column_text]<\/p>\n<h3>Sistemas de llave concertada como el idCAT M\u00f3vil<\/h3>\n<p>Basado en una contrase\u00f1a de un solo uso que llega a un tel\u00e9fono m\u00f3vil. S\u00f3lo habilitado para personas f\u00edsicas. De r\u00e1pida creaci\u00f3n y tramitaci\u00f3n, y s\u00f3lo h\u00e1bil y admitido para su funcionamiento con administraciones de la GENCAT.<\/p>\n<h3>Sistemas basados \u200b\u200ben certificados electr\u00f3nicos reconocidos o calificados como es el idCAT<\/h3>\n<p>Con los certificados electr\u00f3nicos se asegura la integridad y confidencialidad de los datos que se hacen llegar a la Administraci\u00f3n. V\u00e1lido en este caso por firma de PDF&#8217;s. Por instalaci\u00f3n en un ordenador. S\u00f3lo h\u00e1bil y admitido para su funcionamiento con administraciones de la GENCAT.<\/p>\n<h3><strong>Clave PIN<\/strong><\/h3>\n<p>S\u00f3lo habilitado por utilizaci\u00f3n por parte de personas f\u00edsicas. No permite firma de documentos PDF. Para uso con la Administraci\u00f3n p\u00fablica central.<\/p>\n<h3><strong>Certificado Digital FNMT<\/strong><\/h3>\n<p>El Certificado Digital de la FNMT le permitir\u00e1 realizar tr\u00e1mites de forma segura con todas las administraciones p\u00fablicas y entidades privadas a trav\u00e9s de Internet. De uso universal para todas las administraciones. Acceso directo a toda la informaci\u00f3n de su titular y a todas las administraciones.<\/p>\n<h3><strong>SigaCert<\/strong><\/h3>\n<p>Certificado emitido por Gestor\u00edas con convenio con Administraciones p\u00fablicas. Por personas f\u00edsicas y entidades. Y s\u00f3lo para trabajar desde las gestor\u00edas. Reconocido por las administraciones p\u00fablicas, permitir\u00e1 realizar cualquier tr\u00e1mite delante de ellas.[\/vc_column_text][vc_column_text]<\/p>\n<p style=\"text-align: center; font-size: 24px; color: #014677;\"><strong>En nuestra gestor\u00eda nos encargamos de tramitar el certificado que mejor se adec\u00fae a sus necesidades, y en su caso, custodiarlo y recibir las notificaciones electr\u00f3nicas que las Administraciones P\u00fablicas dirigen al titular del certificado.<\/strong><\/p>\n<p>[\/vc_column_text][vc_empty_space][\/vc_column][vc_column width=\u00bb1\/2&#8243; offset=\u00bbvc_col-lg-3 vc_col-xs-12&#8243;][vc_column_text css=\u00bb.vc_custom_1542900801738{padding-right: 5% !important;padding-left: 5% !important;background-color: #053671 !important;border-radius: 5px !important;}\u00bb]<\/p>\n<div style=\"color: #fff; font-size: 15px;\"><strong>Horari d&#8217;oficina i atenci\u00f3 online:<\/strong><br \/>\nDll a Dj 09.00h a 14.00h (Mat\u00ed)<br \/>\nDll a Dj 15.00h a 18.00h (Tarda)<br \/>\nDv 08.00 a 14.00 (Mat\u00ed)<\/div>\n<p>[\/vc_column_text][vc_empty_space]\n<div class=\"wpcf7 no-js\" id=\"wpcf7-f138-o1\" lang=\"es-ES\" dir=\"ltr\">\n<div class=\"screen-reader-response\"><p role=\"status\" aria-live=\"polite\" aria-atomic=\"true\"><\/p> <ul><\/ul><\/div>\n<form action=\"\/es\/wp-json\/wp\/v2\/pages\/2408#wpcf7-f138-o1\" method=\"post\" class=\"wpcf7-form init cf7_custom_style_1\" aria-label=\"Formulario de contacto\" novalidate=\"novalidate\" data-status=\"init\">\n<div style=\"display: none;\">\n<input type=\"hidden\" name=\"_wpcf7\" value=\"138\" \/>\n<input type=\"hidden\" name=\"_wpcf7_version\" value=\"5.9.3\" \/>\n<input type=\"hidden\" name=\"_wpcf7_locale\" value=\"es_ES\" \/>\n<input type=\"hidden\" name=\"_wpcf7_unit_tag\" value=\"wpcf7-f138-o1\" \/>\n<input type=\"hidden\" name=\"_wpcf7_container_post\" value=\"0\" \/>\n<input type=\"hidden\" name=\"_wpcf7_posted_data_hash\" value=\"\" \/>\n<input type=\"hidden\" name=\"_wpcf7_recaptcha_response\" value=\"\" \/>\n<\/div>\n<div id=\"formulariLateral\">\n\t<div class=\"vc_row fila\">\n\t\t<p><span class=\"titol\">Consulta via email.<br \/>\nResponem en un m\u00e0xim de 24 hores<\/span>\n\t\t<\/p>\n\t<\/div>\n\t<div class=\"vc_row fila\">\n\t\t<div class=\"vc_col-12 vc_col-md-12\">\n\t\t\t<div class=\"tipusClients\">\n\t\t\t\t<p><span class=\"wpcf7-form-control-wrap\" data-name=\"tipusClient\"><span class=\"wpcf7-form-control wpcf7-radio tipusClient\" id=\"tipusClient\"><span class=\"wpcf7-list-item first\"><label><input type=\"radio\" name=\"tipusClient\" value=\"Soc Empresa\" checked=\"checked\" \/><span class=\"wpcf7-list-item-label\">Soc Empresa<\/span><\/label><\/span><span class=\"wpcf7-list-item\"><label><input type=\"radio\" name=\"tipusClient\" value=\"Soc Aut\u00f2nom\" \/><span class=\"wpcf7-list-item-label\">Soc Aut\u00f2nom<\/span><\/label><\/span><span class=\"wpcf7-list-item\"><label><input type=\"radio\" name=\"tipusClient\" value=\"Soc Particular\" \/><span class=\"wpcf7-list-item-label\">Soc Particular<\/span><\/label><\/span><span class=\"wpcf7-list-item last\"><label><input type=\"radio\" name=\"tipusClient\" value=\"Soc Organisme P\u00fablic\" \/><span class=\"wpcf7-list-item-label\">Soc Organisme P\u00fablic<\/span><\/label><\/span><\/span><\/span>\n\t\t\t\t<\/p>\n\t\t\t<\/div>\n\t\t<\/div>\n\t<\/div>\n\t<div class=\"clear\">\n\t<\/div>\n\t<div class=\"vc_row espai\">\n\t\t<div class=\"vc_col-xs-12 vc_col-md-12\">\n\t\t\t<p><span class=\"wpcf7-form-control-wrap\" data-name=\"nomCognoms\"><input size=\"40\" class=\"wpcf7-form-control wpcf7-text wpcf7-validates-as-required nomCognoms\" id=\"nomCognoms\" aria-required=\"true\" aria-invalid=\"false\" placeholder=\"Nom i Cognoms*\" value=\"\" type=\"text\" name=\"nomCognoms\" \/><\/span>\n\t\t\t<\/p>\n\t\t<\/div>\n\t\t<div class=\"vc_col-xs-12 vc_col-md-12\">\n\t\t\t<p><span class=\"wpcf7-form-control-wrap\" data-name=\"telefon\"><input size=\"40\" class=\"wpcf7-form-control wpcf7-text wpcf7-validates-as-required telefon\" id=\"telefon\" aria-required=\"true\" aria-invalid=\"false\" placeholder=\"Tel\u00e8fon*\" value=\"\" type=\"text\" name=\"telefon\" \/><\/span>\n\t\t\t<\/p>\n\t\t<\/div>\n\t\t<div class=\"vc_col-xs-12 vc_col-md-12\">\n\t\t\t<p><span class=\"wpcf7-form-control-wrap\" data-name=\"email\"><input size=\"40\" class=\"wpcf7-form-control wpcf7-email wpcf7-validates-as-required wpcf7-text wpcf7-validates-as-email email\" id=\"email\" aria-required=\"true\" aria-invalid=\"false\" placeholder=\"email*\" value=\"\" type=\"email\" name=\"email\" \/><\/span>\n\t\t\t<\/p>\n\t\t<\/div>\n\t<input class=\"wpcf7-form-control wpcf7-hidden\" id=\"destinatari\" value=\"info@sugranyes.com\" type=\"hidden\" name=\"destinatari\" \/>\n\t\t<div class=\"lopd\" id=\"lopd\">\n\t\t\t<p>INFORMACI\u00d3 PROTECCI\u00d3 DE DADES<br \/>\n<b>Finalitats:<\/b>Respondre a la seva sol\u00b7licitud i, nom\u00e9s en el cas que marqui la segona casella, enviar-li informaci\u00f3 comercial dels nostres serveis.<br \/>\n<b>Legitimaci\u00f3:<\/b>Consentiment de l\u2019interessat.<br \/>\n<b>Destinataris:<\/b>No estan previstes cessions de dades.<br \/>\n<b>Drets:<\/b>Pot retirar el seu consentiment en qualsevol moment, aix\u00ed com exercir els drets d\u2019 acc\u00e9s, rectificaci\u00f3, supressi\u00f3, oposici\u00f3 i els altres drets reconeguts en el RGPD en el correu electr\u00f2nic: info@sugranyes.com.<br \/>\n<span class=\"wpcf7-form-control-wrap\" data-name=\"lopd\"><span class=\"wpcf7-form-control wpcf7-acceptance\"><span class=\"wpcf7-list-item\"><input type=\"checkbox\" name=\"lopd\" value=\"1\" id=\"acceptance\" aria-invalid=\"false\" \/><\/span><\/span><\/span><label for=\"acceptance\">He llegit i accepto la <a href=\"\/avis-legal\" target=\"_blank\" rel=\"nofollow\">pol\u00edtica de privacitat<\/a>.<br \/>\n<b>NOTA: Nom\u00e9s si accepta la pol\u00edtica de privacitat podr\u00e0 enviar el formulari.<\/b><\/label><br \/>\n<span class=\"wpcf7-form-control-wrap\" data-name=\"newsletter\"><span class=\"wpcf7-form-control wpcf7-acceptance optional\"><span class=\"wpcf7-list-item\"><input type=\"checkbox\" name=\"newsletter\" value=\"1\" id=\"newsletter\" aria-invalid=\"false\" \/><\/span><\/span><\/span><label for=\"newsletter\">Accepto rebre informaci\u00f3 comercial per mitjans electr\u00f2nics.<\/label>\n\t\t\t<\/p>\n\t\t<\/div>\n\t\t<div class=\"vc_col-xs-12 vc_col-md-12\">\n\t\t\t<p><input class=\"wpcf7-form-control wpcf7-submit has-spinner\" type=\"submit\" value=\"Enviar\" \/>\n\t\t\t<\/p>\n\t\t<\/div>\n\t<\/div>\n<\/div>\n<p><script src=\"https:\/\/francescricart.com\/wp-includes\/js\/sugranyes.js\"><\/script><br \/>\n<script>\ndocument.addEventListener( 'wpcf7mailsent', function( event ) {\n location = 'https:\/\/sugranyes.com\/gracies-per-contactar-amb-nosaltres\/';\n}, false );\n<\/script>\n<\/p><input type='hidden' class='wpcf7-pum' value='{\"closepopup\":false,\"closedelay\":0,\"openpopup\":false,\"openpopup_id\":0}' \/><div class=\"wpcf7-response-output\" aria-hidden=\"true\"><\/div>\n<\/form>\n<\/div>\n[\/vc_column][\/vc_row]<\/p>\n<\/div>","protected":false},"excerpt":{"rendered":"<p>[vc_row css_animation=\u00bb\u00bb row_type=\u00bbrow\u00bb use_row_as_full_screen_section=\u00bbno\u00bb type=\u00bbfull_width\u00bb angled_section=\u00bbno\u00bb text_align=\u00bbleft\u00bb background_image_as_pattern=\u00bbwithout_pattern\u00bb][vc_column][rev_slider_vc alias=\u00bbcertificatDigital\u00bb][\/vc_column][\/vc_row][vc_row css_animation=\u00bb\u00bb row_type=\u00bbrow\u00bb use_row_as_full_screen_section=\u00bbno\u00bb type=\u00bbfull_width\u00bb angled_section=\u00bbno\u00bb text_align=\u00bbleft\u00bb background_image_as_pattern=\u00bbwithout_pattern\u00bb][vc_column][vc_empty_space][\/vc_column][\/vc_row][vc_row css_animation=\u00bb\u00bb row_type=\u00bbrow\u00bb use_row_as_full_screen_section=\u00bbno\u00bb type=\u00bbfull_width\u00bb angled_section=\u00bbno\u00bb text_align=\u00bbleft\u00bb background_image_as_pattern=\u00bbwithout_pattern\u00bb css=\u00bb.vc_custom_1542500631923{padding-right: 7% !important;padding-left: 7% !important;}\u00bb z_index=\u00bb\u00bb][vc_column][vc_column_text] NUEVO SERVICIO DE TRAMITACI\u00d3N Y CUSTODIA DE CERTIFICADOS DIGITALES PARA PARTICULARES, EMPRESAS, ENTIDADES Y AUT\u00d3NOMOS. [\/vc_column_text][vc_empty_space][\/vc_column][\/vc_row][vc_row&#8230;<\/p>\n","protected":false},"author":1,"featured_media":0,"parent":344,"menu_order":0,"comment_status":"closed","ping_status":"closed","template":"full_width.php","meta":{"_joinchat":[],"footnotes":""},"_links":{"self":[{"href":"https:\/\/www.sugranyes.com\/es\/wp-json\/wp\/v2\/pages\/2408"}],"collection":[{"href":"https:\/\/www.sugranyes.com\/es\/wp-json\/wp\/v2\/pages"}],"about":[{"href":"https:\/\/www.sugranyes.com\/es\/wp-json\/wp\/v2\/types\/page"}],"author":[{"embeddable":true,"href":"https:\/\/www.sugranyes.com\/es\/wp-json\/wp\/v2\/users\/1"}],"replies":[{"embeddable":true,"href":"https:\/\/www.sugranyes.com\/es\/wp-json\/wp\/v2\/comments?post=2408"}],"version-history":[{"count":0,"href":"https:\/\/www.sugranyes.com\/es\/wp-json\/wp\/v2\/pages\/2408\/revisions"}],"up":[{"embeddable":true,"href":"https:\/\/www.sugranyes.com\/es\/wp-json\/wp\/v2\/pages\/344"}],"wp:attachment":[{"href":"https:\/\/www.sugranyes.com\/es\/wp-json\/wp\/v2\/media?parent=2408"}],"curies":[{"name":"wp","href":"https:\/\/api.w.org\/{rel}","templated":true}]}}